{"id":186,"date":"2025-12-29T11:33:09","date_gmt":"2025-12-29T14:33:09","guid":{"rendered":"https:\/\/shop.zictec.com.br\/product\/stir_shaken-starter-as-oob-annual-saas-promotional-package\/"},"modified":"2025-12-29T11:33:09","modified_gmt":"2025-12-29T14:33:09","slug":"stir_shaken-starter-as-oob-annual-saas-promotional-package","status":"publish","type":"product","link":"https:\/\/shop.zictec.com.br\/en\/product\/stir_shaken-starter-as-oob-annual-saas-promotional-package\/","title":{"rendered":"STIR_SHAKEN STARTER AS-OOB ANNUAL SAAS PROMOTIONAL PACKAGE"},"content":{"rendered":"<p style=\"font-size: 16px; line-height: normal; font-family: 'Helvetica Neue'; color: #6d5000;\"># STIR-SHAKEN Basic Package:<\/p>\n<p style=\"font-size: 16px; line-height: normal; font-family: 'Helvetica Neue'; color: #6d5000;\">&#8211; ISBC Cloud, for STFC\/SMP providers to perform the mandatory call authentication, and fallback for termination routes, compatible with most SIP platforms on the market.<\/p>\n<p style=\"font-size: 16px; line-height: normal; font-family: 'Helvetica Neue'; color: #6d5000;\">&#8211; Out-of-band Authentication (Token generated in the cloud and retrieved at termination by the destination operator);<\/p>\n<p style=\"font-size: 16px; line-height: normal; font-family: 'Helvetica Neue'; color: #6d5000;\"># ZICTEC Solution (STFC-Tools) with WEB interface<\/p>\n<p style=\"font-size: 16px; line-height: normal; font-family: 'Helvetica Neue'; color: #6d5000;\">-Transactional auditing<\/p>\n<p style=\"font-size: 16px; line-height: normal; font-family: 'Helvetica Neue'; color: #6d5000;\">&#8211; Diagnostic tool<\/p>\n<p style=\"font-size: 16px; line-height: normal; font-family: 'Helvetica Neue'; color: #6d5000;\">&#8211; Additional features upon request;<\/p>\n<p style=\"font-size: 16px; line-height: normal; font-family: 'Helvetica Neue'; color: #6d5000;\">For larger operations, a specific project is carried out, and a dedicated installation can be provided, either cloud-based or on-premises, according to the needs.<\/p>\n<p style=\"font-size: 16px; line-height: normal; font-family: 'Helvetica Neue'; color: #6d5000;\"># Light Plan:<\/p>\n<p style=\"font-size: 16px; line-height: normal; font-family: 'Helvetica Neue'; color: #6d5000;\">&#8211; Out-of-band;<\/p>\n<p style=\"font-size: 16px; line-height: normal; font-family: 'Helvetica Neue'; color: #6d5000;\">&#8211; Up to 10 CAPS;<\/p>\n<p style=\"font-size: 16px; line-height: normal; font-family: 'Helvetica Neue'; color: #6d5000;\">&#8211; Up to 10 million records\/month;<\/p>\n<p style=\"font-size: 16px; line-height: normal; font-family: 'Helvetica Neue'; color: #6d5000;\">&#8211; Up to 2 Source IPs;<\/p>\n<p style=\"font-size: 16px; line-height: normal; font-family: 'Helvetica Neue'; color: #6d5000;\">&#8211; Includes operational support, also covering deployment, approval, and production rollout;<\/p>\n<p style=\"font-size: 16px; line-height: normal; font-family: 'Helvetica Neue'; color: #6d5000;\">Reference value: R$ 2,730.00 \/ month (excluding taxes)<\/p>\n","protected":false},"excerpt":{"rendered":"<p style=\"font-style: normal; font-size: 16px; line-height: normal; font-family: 'Helvetica Neue'; color: #6d5000;\"># STIR-SHAKEN Basic Package:<\/p>\n<p style=\"font-style: normal; font-size: 16px; line-height: normal; font-family: 'Helvetica Neue'; color: #6d5000;\">&#8211; ISBC Cloud, para prestadoras STFC\/SMP realizarem a autentica\u00e7\u00e3o obrigat\u00f3ria das chamadas, e fallback para rotas de termina\u00e7\u00e3o, compativel com a maioria das plataformas SIP do mercado.<\/p>\n<p style=\"font-style: normal; font-size: 16px; line-height: normal; font-family: 'Helvetica Neue'; color: #6d5000;\">&#8211; Out-of-band Authentication (Token generated in the cloud and retrieved at termination by the destination operator);<\/p>\n<p style=\"font-style: normal; font-size: 16px; line-height: normal; font-family: 'Helvetica Neue'; color: #6d5000;\"># ZICTEC Solution (STFC-Tools) with WEB interface<\/p>\n<p style=\"font-style: normal; font-size: 16px; line-height: normal; font-family: 'Helvetica Neue'; color: #6d5000;\">-Transactional auditing<\/p>\n<p style=\"font-style: normal; font-size: 16px; line-height: normal; font-family: 'Helvetica Neue'; color: #6d5000;\">&#8211; Diagnostic tool<\/p>\n<p style=\"font-style: normal; font-size: 16px; line-height: normal; font-family: 'Helvetica Neue'; color: #6d5000;\">&#8211; Additional features upon request;<\/p>\n<p style=\"font-style: normal; font-size: 16px; line-height: normal; font-family: 'Helvetica Neue'; color: #6d5000;\">For larger operations, a specific project is carried out, and a dedicated installation can be provided, either cloud-based or on-premises, according to the needs.<\/p>\n<p style=\"font-style: normal; font-size: 16px; line-height: normal; font-family: 'Helvetica Neue'; color: #6d5000;\">#Plano Light:<\/p>\n<p style=\"font-style: normal; font-size: 16px; line-height: normal; font-family: 'Helvetica Neue'; color: #6d5000;\">&#8211; Out-of-band;<\/p>\n<p style=\"font-style: normal; font-size: 16px; line-height: normal; font-family: 'Helvetica Neue'; color: #6d5000;\">&#8211; At\u00e9 10 CAPS;<\/p>\n<p style=\"font-style: normal; font-size: 16px; line-height: normal; font-family: 'Helvetica Neue'; color: #6d5000;\">&#8211; Up to 10 million records\/month;<\/p>\n<p style=\"font-style: normal; font-size: 16px; line-height: normal; font-family: 'Helvetica Neue'; color: #6d5000;\">&#8211; Up to 2 Source IPs;<\/p>\n<p style=\"font-style: normal; font-size: 16px; line-height: normal; font-family: 'Helvetica Neue'; color: #6d5000;\">&#8211; Includes operational support, also covering deployment, approval, and production rollout;<\/p>\n<p style=\"font-style: normal; font-size: 16px; line-height: normal; font-family: 'Helvetica Neue'; color: #6d5000;\">Reference value: R$ 2,730.00 \/ month (excluding taxes)<\/p>\n","protected":false},"featured_media":239,"comment_status":"open","ping_status":"closed","template":"","meta":{"_kad_post_transparent":"","_kad_post_title":"","_kad_post_layout":"","_kad_post_sidebar_id":"","_kad_post_content_style":"","_kad_post_vertical_padding":"","_kad_post_feature":"","_kad_post_feature_position":"","_kad_post_header":false,"_kad_post_footer":false,"_kad_post_classname":""},"product_brand":[],"product_cat":[24],"product_tag":[],"class_list":{"0":"post-186","1":"product","2":"type-product","3":"status-publish","4":"has-post-thumbnail","6":"product_cat-license1y","8":"first","9":"instock","10":"sale","11":"virtual","12":"sold-individually","13":"purchasable","14":"product-type-simple","15":"entry","16":"content-bg","17":"loop-entry"},"_links":{"self":[{"href":"https:\/\/shop.zictec.com.br\/en\/wp-json\/wp\/v2\/product\/186","targetHints":{"allow":["GET"]}}],"collection":[{"href":"https:\/\/shop.zictec.com.br\/en\/wp-json\/wp\/v2\/product"}],"about":[{"href":"https:\/\/shop.zictec.com.br\/en\/wp-json\/wp\/v2\/types\/product"}],"replies":[{"embeddable":true,"href":"https:\/\/shop.zictec.com.br\/en\/wp-json\/wp\/v2\/comments?post=186"}],"wp:featuredmedia":[{"embeddable":true,"href":"https:\/\/shop.zictec.com.br\/en\/wp-json\/wp\/v2\/media\/239"}],"wp:attachment":[{"href":"https:\/\/shop.zictec.com.br\/en\/wp-json\/wp\/v2\/media?parent=186"}],"wp:term":[{"taxonomy":"product_brand","embeddable":true,"href":"https:\/\/shop.zictec.com.br\/en\/wp-json\/wp\/v2\/product_brand?post=186"},{"taxonomy":"product_cat","embeddable":true,"href":"https:\/\/shop.zictec.com.br\/en\/wp-json\/wp\/v2\/product_cat?post=186"},{"taxonomy":"product_tag","embeddable":true,"href":"https:\/\/shop.zictec.com.br\/en\/wp-json\/wp\/v2\/product_tag?post=186"}],"curies":[{"name":"wp","href":"https:\/\/api.w.org\/{rel}","templated":true}]}}